{"id":370,"date":"2024-03-01T18:40:18","date_gmt":"2024-03-01T17:40:18","guid":{"rendered":"https:\/\/growroute.de\/?page_id=370"},"modified":"2024-03-01T19:39:41","modified_gmt":"2024-03-01T18:39:41","slug":"drupal","status":"publish","type":"page","link":"https:\/\/growroute.de\/?page_id=370","title":{"rendered":"Drupal"},"content":{"rendered":"\t\t<div data-elementor-type=\"wp-page\" data-elementor-id=\"370\" class=\"elementor elementor-370\">\n\t\t\t\t\t\t<section class=\"elementor-section elementor-top-section elementor-element elementor-element-a9d6694 elementor-section-boxed elementor-section-height-default elementor-section-height-default\" data-id=\"a9d6694\" data-element_type=\"section\">\n\t\t\t\t\t\t<div class=\"elementor-container elementor-column-gap-default\">\n\t\t\t\t\t<div class=\"elementor-column elementor-col-100 elementor-top-column elementor-element elementor-element-71af340\" data-id=\"71af340\" data-element_type=\"column\">\n\t\t\t<div class=\"elementor-widget-wrap elementor-element-populated\">\n\t\t\t\t\t\t<div class=\"elementor-element elementor-element-662c619 elementor-widget elementor-widget-heading\" data-id=\"662c619\" data-element_type=\"widget\" data-widget_type=\"heading.default\">\n\t\t\t\t<div class=\"elementor-widget-container\">\n\t\t\t<style>\/*! elementor - v3.19.0 - 28-02-2024 *\/\n.elementor-heading-title{padding:0;margin:0;line-height:1}.elementor-widget-heading .elementor-heading-title[class*=elementor-size-]>a{color:inherit;font-size:inherit;line-height:inherit}.elementor-widget-heading .elementor-heading-title.elementor-size-small{font-size:15px}.elementor-widget-heading .elementor-heading-title.elementor-size-medium{font-size:19px}.elementor-widget-heading .elementor-heading-title.elementor-size-large{font-size:29px}.elementor-widget-heading .elementor-heading-title.elementor-size-xl{font-size:39px}.elementor-widget-heading .elementor-heading-title.elementor-size-xxl{font-size:59px}<\/style><h2 class=\"elementor-heading-title elementor-size-default\">Drupal<\/h2>\t\t<\/div>\n\t\t\t\t<\/div>\n\t\t\t\t\t<\/div>\n\t\t<\/div>\n\t\t\t\t\t<\/div>\n\t\t<\/section>\n\t\t\t\t<section class=\"elementor-section elementor-top-section elementor-element elementor-element-afc98d1 elementor-section-boxed elementor-section-height-default elementor-section-height-default\" data-id=\"afc98d1\" data-element_type=\"section\">\n\t\t\t\t\t\t<div class=\"elementor-container elementor-column-gap-default\">\n\t\t\t\t\t<div class=\"elementor-column elementor-col-100 elementor-top-column elementor-element elementor-element-51ebe54\" data-id=\"51ebe54\" data-element_type=\"column\">\n\t\t\t<div class=\"elementor-widget-wrap elementor-element-populated\">\n\t\t\t\t\t\t<div class=\"elementor-element elementor-element-62ccb41 elementor-widget elementor-widget-text-editor\" data-id=\"62ccb41\" data-element_type=\"widget\" data-widget_type=\"text-editor.default\">\n\t\t\t\t<div class=\"elementor-widget-container\">\n\t\t\t<style>\/*! elementor - v3.19.0 - 28-02-2024 *\/\n.elementor-widget-text-editor.elementor-drop-cap-view-stacked .elementor-drop-cap{background-color:#69727d;color:#fff}.elementor-widget-text-editor.elementor-drop-cap-view-framed .elementor-drop-cap{color:#69727d;border:3px solid;background-color:transparent}.elementor-widget-text-editor:not(.elementor-drop-cap-view-default) .elementor-drop-cap{margin-top:8px}.elementor-widget-text-editor:not(.elementor-drop-cap-view-default) .elementor-drop-cap-letter{width:1em;height:1em}.elementor-widget-text-editor .elementor-drop-cap{float:left;text-align:center;line-height:1;font-size:50px}.elementor-widget-text-editor .elementor-drop-cap-letter{display:inline-block}<\/style>\t\t\t\t<p>Drupal ist ein au\u00dfergew\u00f6hnlich leistungsf\u00e4higes Content-Management-System, das sich ideal f\u00fcr die Selbsthosting-Option eignet. Dieses CMS ist insbesondere f\u00fcr seine au\u00dferordentliche Flexibilit\u00e4t und Anpassungsf\u00e4higkeit bekannt, was es zur bevorzugten Wahl f\u00fcr Entwickler und Unternehmen macht, die komplexe Websites und anspruchsvolle Anwendungen realisieren m\u00f6chten.<\/p><p>Mit Drupal haben Benutzer die Freiheit, ma\u00dfgeschneiderte L\u00f6sungen zu entwickeln, die exakt auf die spezifischen Bed\u00fcrfnisse und Anforderungen ihrer Organisation oder ihres Projekts abgestimmt sind. Ob es um die Integration komplexer Datenstrukturen, die Umsetzung vielschichtiger Benutzerinteraktionen oder die Bereitstellung umfangreicher Inhaltsbibliotheken geht \u2013 Drupal bietet ein robustes Framework, das keine W\u00fcnsche offenl\u00e4sst.<\/p><p>Dar\u00fcber hinaus bietet die Selbsthosting-L\u00f6sung von Drupal eine unvergleichliche Kontrolle \u00fcber Sicherheitsaspekte. Benutzer k\u00f6nnen die Sicherheitsprotokolle ihrer Website selbst gestalten und anpassen, um den bestm\u00f6glichen Schutz ihrer Daten und die Einhaltung relevanter Datenschutzvorschriften zu gew\u00e4hrleisten. Ebenso erm\u00f6glicht die Selbsthosting-Option eine vollst\u00e4ndige Kontrolle \u00fcber die Hosting-Umgebung, was die Optimierung der Website-Performance und die Skalierbarkeit betrifft.<\/p><p>Die Community um Drupal herum ist eine der aktivsten und engagiertesten in der Welt der Content-Management-Systeme. Dies gew\u00e4hrleistet, dass Nutzer auf eine breite Palette von Modulen, Themes und Distributions zugreifen k\u00f6nnen, die st\u00e4ndig weiterentwickelt und optimiert werden. Dar\u00fcber hinaus steht eine umfangreiche und hilfsbereite Gemeinschaft bereit, um Unterst\u00fctzung und Beratung zu bieten, was die Implementierung von Best Practices und die L\u00f6sung eventueller Herausforderungen angeht.<\/p><p>Insgesamt ist Drupal nicht nur eine Plattform f\u00fcr die Erstellung dynamischer und interaktiver Websites, sondern auch ein m\u00e4chtiges Tool f\u00fcr die digitale Transformation und die Realisierung anspruchsvoller digitaler \u00d6kosysteme. Mit seiner robusten Architektur, seiner un\u00fcbertroffenen Flexibilit\u00e4t und der M\u00f6glichkeit des Selbsthostings ist Drupal eine erstklassige Wahl f\u00fcr Organisationen, die nach einer zukunftssicheren und vollst\u00e4ndig anpassbaren digitalen L\u00f6sung suchen.<\/p>\t\t\t\t\t\t<\/div>\n\t\t\t\t<\/div>\n\t\t\t\t\t<\/div>\n\t\t<\/div>\n\t\t\t\t\t<\/div>\n\t\t<\/section>\n\t\t\t\t<section class=\"elementor-section elementor-top-section elementor-element elementor-element-da4bfa1 elementor-section-boxed elementor-section-height-default elementor-section-height-default\" data-id=\"da4bfa1\" data-element_type=\"section\">\n\t\t\t\t\t\t<div class=\"elementor-container elementor-column-gap-default\">\n\t\t\t\t\t<div class=\"elementor-column elementor-col-100 elementor-top-column elementor-element elementor-element-850d690\" data-id=\"850d690\" data-element_type=\"column\">\n\t\t\t<div class=\"elementor-widget-wrap elementor-element-populated\">\n\t\t\t\t\t\t<div class=\"elementor-element elementor-element-eb8f5e5 elementor-widget elementor-widget-text-editor\" data-id=\"eb8f5e5\" data-element_type=\"widget\" data-widget_type=\"text-editor.default\">\n\t\t\t\t<div class=\"elementor-widget-container\">\n\t\t\t\t\t\t\t<p><br \/>Z\u00f6gern Sie nicht l\u00e4nger und beginnen Sie noch heute mit dem Download des CMS, um die zahlreichen Vorteile und M\u00f6glichkeiten, die es bietet, voll auszusch\u00f6pfen.<\/p>\t\t\t\t\t\t<\/div>\n\t\t\t\t<\/div>\n\t\t\t\t<div class=\"elementor-element elementor-element-995ca1c elementor-widget elementor-widget-button\" data-id=\"995ca1c\" data-element_type=\"widget\" data-widget_type=\"button.default\">\n\t\t\t\t<div class=\"elementor-widget-container\">\n\t\t\t\t\t<div class=\"elementor-button-wrapper\">\n\t\t\t<a class=\"elementor-button elementor-button-link elementor-size-md elementor-animation-wobble-vertical\" href=\"https:\/\/www.drupal.org\/download\">\n\t\t\t\t\t\t<span class=\"elementor-button-content-wrapper\">\n\t\t\t\t\t\t<span class=\"elementor-button-icon elementor-align-icon-left\">\n\t\t\t\t<i aria-hidden=\"true\" class=\"fas fa-download\"><\/i>\t\t\t<\/span>\n\t\t\t\t\t\t<span class=\"elementor-button-text\">Drupal<\/span>\n\t\t<\/span>\n\t\t\t\t\t<\/a>\n\t\t<\/div>\n\t\t\t\t<\/div>\n\t\t\t\t<\/div>\n\t\t\t\t<div class=\"elementor-element elementor-element-4db46be elementor-widget elementor-widget-text-editor\" data-id=\"4db46be\" data-element_type=\"widget\" data-widget_type=\"text-editor.default\">\n\t\t\t\t<div class=\"elementor-widget-container\">\n\t\t\t\t\t\t\t\t\t\t\t\t\t<\/div>\n\t\t\t\t<\/div>\n\t\t\t\t\t<\/div>\n\t\t<\/div>\n\t\t\t\t\t<\/div>\n\t\t<\/section>\n\t\t\t\t<\/div>\n\t\t","protected":false},"excerpt":{"rendered":"<p>Drupal Drupal ist ein au\u00dfergew\u00f6hnlich leistungsf\u00e4higes Content-Management-System, das sich ideal f\u00fcr die Selbsthosting-Option eignet. Dieses CMS ist insbesondere f\u00fcr seine au\u00dferordentliche Flexibilit\u00e4t und Anpassungsf\u00e4higkeit bekannt, was es zur bevorzugten Wahl f\u00fcr Entwickler und Unternehmen macht, die komplexe Websites und anspruchsvolle Anwendungen realisieren m\u00f6chten. Mit Drupal haben Benutzer die Freiheit, ma\u00dfgeschneiderte L\u00f6sungen zu entwickeln, die exakt [&hellip;]<\/p>\n","protected":false},"author":1,"featured_media":0,"parent":351,"menu_order":0,"comment_status":"closed","ping_status":"closed","template":"elementor_header_footer","meta":{"footnotes":""},"_links":{"self":[{"href":"https:\/\/growroute.de\/index.php?rest_route=\/wp\/v2\/pages\/370"}],"collection":[{"href":"https:\/\/growroute.de\/index.php?rest_route=\/wp\/v2\/pages"}],"about":[{"href":"https:\/\/growroute.de\/index.php?rest_route=\/wp\/v2\/types\/page"}],"author":[{"embeddable":true,"href":"https:\/\/growroute.de\/index.php?rest_route=\/wp\/v2\/users\/1"}],"replies":[{"embeddable":true,"href":"https:\/\/growroute.de\/index.php?rest_route=%2Fwp%2Fv2%2Fcomments&post=370"}],"version-history":[{"count":10,"href":"https:\/\/growroute.de\/index.php?rest_route=\/wp\/v2\/pages\/370\/revisions"}],"predecessor-version":[{"id":385,"href":"https:\/\/growroute.de\/index.php?rest_route=\/wp\/v2\/pages\/370\/revisions\/385"}],"up":[{"embeddable":true,"href":"https:\/\/growroute.de\/index.php?rest_route=\/wp\/v2\/pages\/351"}],"wp:attachment":[{"href":"https:\/\/growroute.de\/index.php?rest_route=%2Fwp%2Fv2%2Fmedia&parent=370"}],"curies":[{"name":"wp","href":"https:\/\/api.w.org\/{rel}","templated":true}]}}