{"id":363,"date":"2024-03-01T18:27:25","date_gmt":"2024-03-01T17:27:25","guid":{"rendered":"https:\/\/growroute.de\/?page_id=363"},"modified":"2024-03-01T19:18:33","modified_gmt":"2024-03-01T18:18:33","slug":"wordpress","status":"publish","type":"page","link":"https:\/\/growroute.de\/?page_id=363","title":{"rendered":"WordPress"},"content":{"rendered":"\t\t<div data-elementor-type=\"wp-page\" data-elementor-id=\"363\" class=\"elementor elementor-363\">\n\t\t\t\t\t\t<section class=\"elementor-section elementor-top-section elementor-element elementor-element-052c190 elementor-section-boxed elementor-section-height-default elementor-section-height-default\" data-id=\"052c190\" data-element_type=\"section\">\n\t\t\t\t\t\t<div class=\"elementor-container elementor-column-gap-default\">\n\t\t\t\t\t<div class=\"elementor-column elementor-col-100 elementor-top-column elementor-element elementor-element-647a12e\" data-id=\"647a12e\" data-element_type=\"column\">\n\t\t\t<div class=\"elementor-widget-wrap elementor-element-populated\">\n\t\t\t\t\t\t<div class=\"elementor-element elementor-element-0934e5c elementor-widget elementor-widget-heading\" data-id=\"0934e5c\" data-element_type=\"widget\" data-widget_type=\"heading.default\">\n\t\t\t\t<div class=\"elementor-widget-container\">\n\t\t\t<style>\/*! elementor - v3.19.0 - 28-02-2024 *\/\n.elementor-heading-title{padding:0;margin:0;line-height:1}.elementor-widget-heading .elementor-heading-title[class*=elementor-size-]>a{color:inherit;font-size:inherit;line-height:inherit}.elementor-widget-heading .elementor-heading-title.elementor-size-small{font-size:15px}.elementor-widget-heading .elementor-heading-title.elementor-size-medium{font-size:19px}.elementor-widget-heading .elementor-heading-title.elementor-size-large{font-size:29px}.elementor-widget-heading .elementor-heading-title.elementor-size-xl{font-size:39px}.elementor-widget-heading .elementor-heading-title.elementor-size-xxl{font-size:59px}<\/style><h2 class=\"elementor-heading-title elementor-size-default\">WordPress<\/h2>\t\t<\/div>\n\t\t\t\t<\/div>\n\t\t\t\t<div class=\"elementor-element elementor-element-9d5cca9 elementor-widget elementor-widget-text-editor\" data-id=\"9d5cca9\" data-element_type=\"widget\" data-widget_type=\"text-editor.default\">\n\t\t\t\t<div class=\"elementor-widget-container\">\n\t\t\t<style>\/*! elementor - v3.19.0 - 28-02-2024 *\/\n.elementor-widget-text-editor.elementor-drop-cap-view-stacked .elementor-drop-cap{background-color:#69727d;color:#fff}.elementor-widget-text-editor.elementor-drop-cap-view-framed .elementor-drop-cap{color:#69727d;border:3px solid;background-color:transparent}.elementor-widget-text-editor:not(.elementor-drop-cap-view-default) .elementor-drop-cap{margin-top:8px}.elementor-widget-text-editor:not(.elementor-drop-cap-view-default) .elementor-drop-cap-letter{width:1em;height:1em}.elementor-widget-text-editor .elementor-drop-cap{float:left;text-align:center;line-height:1;font-size:50px}.elementor-widget-text-editor .elementor-drop-cap-letter{display:inline-block}<\/style>\t\t\t\t<p>WordPress.org bietet eine herunterladbare Version, die Sie auf Ihrem eigenen Hosting-Server installieren k\u00f6nnen. Dies gibt Ihnen vollst\u00e4ndige Kontrolle \u00fcber Ihre Website und erm\u00f6glicht es Ihnen, alle Aspekte des Hostings, der Sicherheit und der Wartung zu verwalten<\/p><p>Durch die Selbsthosting-Option von WordPress haben Sie die Freiheit, eine Vielzahl von individuellen Anpassungen vorzunehmen, die weit \u00fcber das hinausgehen, was auf gehosteten Plattformen m\u00f6glich ist. Sie k\u00f6nnen aus Tausenden von Themes und Plugins w\u00e4hlen, um das Design und die Funktionalit\u00e4t Ihrer Website genau auf Ihre Bed\u00fcrfnisse und die Ihrer Zielgruppe abzustimmen. Ob es um die Integration spezifischer Funktionen, die Optimierung f\u00fcr Suchmaschinen oder die Anpassung der Benutzeroberfl\u00e4che geht \u2013 mit WordPress auf Ihrem eigenen Server sind die M\u00f6glichkeiten nahezu grenzenlos.<\/p><p>Dar\u00fcber hinaus bietet Ihnen die Selbsthosting-L\u00f6sung die M\u00f6glichkeit, die Sicherheitsma\u00dfnahmen Ihrer Website zu verst\u00e4rken. Sie k\u00f6nnen fortgeschrittene Sicherheitstools und -protokolle implementieren, regelm\u00e4\u00dfige Backups planen und sicherstellen, dass Ihre Website stets den neuesten technischen Standards entspricht. Dies ist besonders wichtig in einer Zeit, in der die Sicherheit im Internet eine zentrale Rolle spielt und sowohl Unternehmen als auch Nutzer vor vielf\u00e4ltigen Bedrohungen sch\u00fctzt.<\/p><p>Die Wartung Ihrer WordPress-Website in Eigenregie bedeutet auch, dass Sie direkten Zugriff auf Updates und Verbesserungen haben. Sie k\u00f6nnen entscheiden, wann und wie neue Versionen von WordPress, Themes oder Plugins installiert werden, um Kompatibilit\u00e4t und Leistung zu gew\u00e4hrleisten. Dies erm\u00f6glicht eine proaktive Website-Verwaltung und stellt sicher, dass Ihre Website stets auf dem neuesten Stand und voll funktionsf\u00e4hig ist.<\/p><p>Kurz gesagt, die Wahl von WordPress.org f\u00fcr das Selbsthosting Ihrer Website bietet eine unvergleichliche Flexibilit\u00e4t und Kontrolle, die es Ihnen erm\u00f6glicht, eine professionelle, sichere und vollst\u00e4ndig angepasste Online-Pr\u00e4senz zu schaffen und zu pflegen.<\/p>\t\t\t\t\t\t<\/div>\n\t\t\t\t<\/div>\n\t\t\t\t\t<\/div>\n\t\t<\/div>\n\t\t\t\t\t<\/div>\n\t\t<\/section>\n\t\t\t\t<section class=\"elementor-section elementor-top-section elementor-element elementor-element-539aa6a elementor-section-boxed elementor-section-height-default elementor-section-height-default\" data-id=\"539aa6a\" data-element_type=\"section\">\n\t\t\t\t\t\t<div class=\"elementor-container elementor-column-gap-default\">\n\t\t\t\t\t<div class=\"elementor-column elementor-col-100 elementor-top-column elementor-element elementor-element-2ea4bb7\" data-id=\"2ea4bb7\" data-element_type=\"column\">\n\t\t\t<div class=\"elementor-widget-wrap elementor-element-populated\">\n\t\t\t\t\t\t<div class=\"elementor-element elementor-element-0e023e4 elementor-widget elementor-widget-button\" data-id=\"0e023e4\" data-element_type=\"widget\" data-widget_type=\"button.default\">\n\t\t\t\t<div class=\"elementor-widget-container\">\n\t\t\t\t\t<div class=\"elementor-button-wrapper\">\n\t\t\t<a class=\"elementor-button elementor-button-link elementor-size-md elementor-animation-wobble-vertical\" href=\"https:\/\/www.drupal.org\/download\">\n\t\t\t\t\t\t<span class=\"elementor-button-content-wrapper\">\n\t\t\t\t\t\t<span class=\"elementor-button-text\">Download WordPress<\/span>\n\t\t<\/span>\n\t\t\t\t\t<\/a>\n\t\t<\/div>\n\t\t\t\t<\/div>\n\t\t\t\t<\/div>\n\t\t\t\t\t<\/div>\n\t\t<\/div>\n\t\t\t\t\t<\/div>\n\t\t<\/section>\n\t\t\t\t<\/div>\n\t\t","protected":false},"excerpt":{"rendered":"<p>WordPress WordPress.org bietet eine herunterladbare Version, die Sie auf Ihrem eigenen Hosting-Server installieren k\u00f6nnen. Dies gibt Ihnen vollst\u00e4ndige Kontrolle \u00fcber Ihre Website und erm\u00f6glicht es Ihnen, alle Aspekte des Hostings, der Sicherheit und der Wartung zu verwalten Durch die Selbsthosting-Option von WordPress haben Sie die Freiheit, eine Vielzahl von individuellen Anpassungen vorzunehmen, die weit \u00fcber [&hellip;]<\/p>\n","protected":false},"author":1,"featured_media":0,"parent":351,"menu_order":0,"comment_status":"closed","ping_status":"closed","template":"elementor_header_footer","meta":{"footnotes":""},"_links":{"self":[{"href":"https:\/\/growroute.de\/index.php?rest_route=\/wp\/v2\/pages\/363"}],"collection":[{"href":"https:\/\/growroute.de\/index.php?rest_route=\/wp\/v2\/pages"}],"about":[{"href":"https:\/\/growroute.de\/index.php?rest_route=\/wp\/v2\/types\/page"}],"author":[{"embeddable":true,"href":"https:\/\/growroute.de\/index.php?rest_route=\/wp\/v2\/users\/1"}],"replies":[{"embeddable":true,"href":"https:\/\/growroute.de\/index.php?rest_route=%2Fwp%2Fv2%2Fcomments&post=363"}],"version-history":[{"count":9,"href":"https:\/\/growroute.de\/index.php?rest_route=\/wp\/v2\/pages\/363\/revisions"}],"predecessor-version":[{"id":378,"href":"https:\/\/growroute.de\/index.php?rest_route=\/wp\/v2\/pages\/363\/revisions\/378"}],"up":[{"embeddable":true,"href":"https:\/\/growroute.de\/index.php?rest_route=\/wp\/v2\/pages\/351"}],"wp:attachment":[{"href":"https:\/\/growroute.de\/index.php?rest_route=%2Fwp%2Fv2%2Fmedia&parent=363"}],"curies":[{"name":"wp","href":"https:\/\/api.w.org\/{rel}","templated":true}]}}